{"id":348,"date":"2025-06-17T13:40:08","date_gmt":"2025-06-17T13:40:08","guid":{"rendered":"https:\/\/11forhealth.com\/?page_id=348"},"modified":"2026-01-26T21:41:29","modified_gmt":"2026-01-26T21:41:29","slug":"inquirium-ltd","status":"publish","type":"page","link":"https:\/\/11forhealth.com\/sr\/inquirium-ltd\/","title":{"rendered":"INQUIRY FUSE"},"content":{"rendered":"<div data-elementor-type=\"wp-page\" data-elementor-id=\"348\" class=\"elementor elementor-348\" data-elementor-post-type=\"page\">\n\t\t\t\t\t\t<section class=\"elementor-section elementor-top-section elementor-element elementor-element-162ca555 elementor-section-boxed elementor-section-height-default elementor-section-height-default\" data-id=\"162ca555\" data-element_type=\"section\">\n\t\t\t\t\t\t<div class=\"elementor-container elementor-column-gap-default\">\n\t\t\t\t\t<div class=\"elementor-column elementor-col-100 elementor-top-column elementor-element elementor-element-257977cd\" data-id=\"257977cd\" data-element_type=\"column\">\n\t\t\t<div class=\"elementor-widget-wrap elementor-element-populated\">\n\t\t\t\t\t\t<div class=\"elementor-element elementor-element-5f8cf652 elementor-invisible elementor-widget elementor-widget-image\" data-id=\"5f8cf652\" data-element_type=\"widget\" data-settings=\"{&quot;_animation&quot;:&quot;fadeInUp&quot;}\" data-widget_type=\"image.default\">\n\t\t\t\t<div class=\"elementor-widget-container\">\n\t\t\t\t\t\t\t\t\t\t\t\t\t\t\t<img fetchpriority=\"high\" decoding=\"async\" width=\"2459\" height=\"2560\" src=\"https:\/\/11forhealth.com\/wp-content\/uploads\/2026\/01\/INQUIRY-FUSE-Main-Logo-scaled.png\" class=\"attachment-full size-full wp-image-1106\" alt=\"\" srcset=\"https:\/\/11forhealth.com\/wp-content\/uploads\/2026\/01\/INQUIRY-FUSE-Main-Logo-scaled.png 2459w, https:\/\/11forhealth.com\/wp-content\/uploads\/2026\/01\/INQUIRY-FUSE-Main-Logo-288x300.png 288w, https:\/\/11forhealth.com\/wp-content\/uploads\/2026\/01\/INQUIRY-FUSE-Main-Logo-984x1024.png 984w, https:\/\/11forhealth.com\/wp-content\/uploads\/2026\/01\/INQUIRY-FUSE-Main-Logo-768x800.png 768w, https:\/\/11forhealth.com\/wp-content\/uploads\/2026\/01\/INQUIRY-FUSE-Main-Logo-1475x1536.png 1475w, https:\/\/11forhealth.com\/wp-content\/uploads\/2026\/01\/INQUIRY-FUSE-Main-Logo-1967x2048.png 1967w, https:\/\/11forhealth.com\/wp-content\/uploads\/2026\/01\/INQUIRY-FUSE-Main-Logo-12x12.png 12w\" sizes=\"(max-width: 2459px) 100vw, 2459px\" \/>\t\t\t\t\t\t\t\t\t\t\t\t\t\t\t<\/div>\n\t\t\t\t<\/div>\n\t\t\t\t<div class=\"elementor-element elementor-element-a4b5453 elementor-widget elementor-widget-elementskit-heading\" data-id=\"a4b5453\" data-element_type=\"widget\" data-widget_type=\"elementskit-heading.default\">\n\t\t\t\t<div class=\"elementor-widget-container\">\n\t\t\t\t\t<div class=\"ekit-wid-con\" ><div class=\"ekit-heading elementskit-section-title-wraper text_left   ekit_heading_tablet-   ekit_heading_mobile-\"><h4 class=\"ekit-heading--title elementskit-section-title\">Partner:<\/h4><h1 class=\"ekit-heading--subtitle elementskit-section-subtitle\">\n\t\t\t\t\t\tINQUIRY FUSE LTD\n\t\t\t\t\t<\/h1>\t\t\t\t<div class='ekit-heading__description'>\n\t\t\t\t\t<div>\n<div>\n<div>\n<div>Kipar<\/div>\n<\/div>\n<\/div>\n<\/div>\n\t\t\t\t<\/div>\n\t\t\t<\/div><\/div>\t\t\t\t<\/div>\n\t\t\t\t<\/div>\n\t\t\t\t<div class=\"elementor-element elementor-element-483228ac elementor-invisible elementor-widget elementor-widget-text-editor\" data-id=\"483228ac\" data-element_type=\"widget\" data-settings=\"{&quot;_animation&quot;:&quot;fadeInUp&quot;}\" data-widget_type=\"text-editor.default\">\n\t\t\t\t<div class=\"elementor-widget-container\">\n\t\t\t\t\t\t\t\t\t<div class=\"ewa-rteLine translation-block\">INQUIRY FUSE je multidisciplinarni centar za razvoj, istra\u017eivanje i informisanje posvec\u0301en anga\u017eovanju studentske populacije i \u0161ire javnosti u smislenim formalnim, neformalnim i informalnim iskustvima u\u010denja kroz inovativna, istra\u017eiva\u010dki vo\u0111ena obrazovna re\u0161enja i akcije. Koristec\u0301i rezultate istra\u017eivanja, INQUIRY FUSE deluje na preseku stvaranja znanja, dizajna u\u010denja i dru\u0161tvenog anga\u017eovanja. Tim je specijalizovan za nauku i STEAM obrazovanje, sport i nauku o ve\u017ebanju, sportsku sociologiju, fizi\u010dko vaspitanje i obrazovne tehnologije. INQUIRY FUSE predvi\u0111a negovanje multipismenosti, sa posebnim naglaskom na nau\u010dnu, fizi\u010dku, digitalnu i ekolo\u0161ku pismenost, uz razvoj ve\u0161tina 21. veka neophodnih za demokratsko, inkluzivno i zdravo dru\u0161tvo. Njegov rad te\u017ei sinergijama koje stvaraju novinu i autenti\u010dan dru\u0161tveni otisak, promovi\u0161uc\u0301i potpis \u010dove\u010danstva kroz telo i um, istovremeno pokrec\u0301uc\u0301i obrazovne i dru\u0161tvene promene. Vi\u0161estruki rad INQUIRY FUSE-a se deli na \u010detiri glavne kategorije. Prvo, projekti koje finansira EU, gde tim pokazuje kumulativnu stru\u010dnost u dizajniranju, razvoju, upravljanju i koordinaciji projekata u okviru nekoliko \u0161ema finansiranja EU, sa sna\u017enim fokusom na opipljiv dru\u0161tveni uticaj. Drugo, obrazovna istra\u017eivanja, koja koriste me\u0161ovite metode za podr\u0161ku najsavremenijim analizama, istra\u017eiva\u010dkim intervencijama, evaluaciji, proceni uticaja i dizajnu politika. Trec\u0301e, dizajn i procena u\u010denja, koji uklju\u010duju kreiranje inkluzivnih nastavnih planova i programa, usmerenih na negovanje nau\u010dne, digitalne, fizi\u010dke i ekolo\u0161ke pismenosti na svim obrazovnim nivoima. \u010cetvrto, obuka i izgradnja kapaciteta, pru\u017eanje prilago\u0111enih programa koji pojedince i organizacije opremaju znanjem, ve\u0161tinama i stavovima, posebno u oblasti STEM anga\u017eovanja i zdravog, aktivnog na\u010dina \u017eivota. U formalnim i neformalnim kontekstima, INQUIRY FUSE pokazuje sna\u017ean kapacitet u dizajnu nastave, digitalnim pedagogijama, gejmifikaciji, participativnim metodologijama, savremenim pristupima u\u010denju i razvoju inovativnih nastavnih planova i programa, materijala za obuku i okvira za napredovanje ve\u0161tina.<\/div>\t\t\t\t\t\t\t\t<\/div>\n\t\t\t\t<\/div>\n\t\t\t\t\t<\/div>\n\t\t<\/div>\n\t\t\t\t\t<\/div>\n\t\t<\/section>\n\t\t<div class=\"elementor-element elementor-element-4788070 e-flex e-con-boxed e-con e-parent\" data-id=\"4788070\" data-element_type=\"container\">\n\t\t\t\t\t<div class=\"e-con-inner\">\n\t\t\t\t<div class=\"elementor-element elementor-element-8d8bea8 elementor-widget elementor-widget-elementskit-social-media\" data-id=\"8d8bea8\" data-element_type=\"widget\" data-widget_type=\"elementskit-social-media.default\">\n\t\t\t\t<div class=\"elementor-widget-container\">\n\t\t\t\t\t<div class=\"ekit-wid-con\" >\t\t\t <ul class=\"ekit_social_media\">\n\t\t\t\t\t\t\t\t\t\t\t\t\t\t<li class=\"elementor-repeater-item-c82a910\">\n\t\t\t\t\t    <a\n\t\t\t\t\t\thref=\"https:\/\/inquiry-fuse.eu\/\" aria-label=\"Website\" class=\"internet\" >\n\t\t\t\t\t\t\t\t\t\t\t\t\t\t\n\t\t\t\t\t\t\t<i aria-hidden=\"true\" class=\"icon icon-internet\"><\/i>\t\t\t\t\t\t\t\t\t\n                                                                                                            <\/a>\n                    <\/li>\n                    \t\t\t\t\t\t\t\t\t\t\t\t\t\t<li class=\"elementor-repeater-item-711a987\">\n\t\t\t\t\t    <a\n\t\t\t\t\t\thref=\"https:\/\/www.facebook.com\/inquiryfuse\/\" aria-label=\"Facebook\" class=\"facebook\" >\n\t\t\t\t\t\t\t\t\t\t\t\t\t\t\n\t\t\t\t\t\t\t<i aria-hidden=\"true\" class=\"icon icon-facebook\"><\/i>\t\t\t\t\t\t\t\t\t\n                                                                                                            <\/a>\n                    <\/li>\n                    \t\t\t\t\t\t\t\t\t\t\t\t\t\t<li class=\"elementor-repeater-item-c94f2a5\">\n\t\t\t\t\t    <a\n\t\t\t\t\t\thref=\"https:\/\/www.instagram.com\/inquiryfuse\/\" aria-label=\"Instagram\" class=\"instagram\" >\n\t\t\t\t\t\t\t\t\t\t\t\t\t\t\n\t\t\t\t\t\t\t<svg aria-hidden=\"true\" class=\"e-font-icon-svg e-fab-instagram\" viewbox=\"0 0 448 512\" xmlns=\"http:\/\/www.w3.org\/2000\/svg\"><path d=\"M224.1 141c-63.6 0-114.9 51.3-114.9 114.9s51.3 114.9 114.9 114.9S339 319.5 339 255.9 287.7 141 224.1 141zm0 189.6c-41.1 0-74.7-33.5-74.7-74.7s33.5-74.7 74.7-74.7 74.7 33.5 74.7 74.7-33.6 74.7-74.7 74.7zm146.4-194.3c0 14.9-12 26.8-26.8 26.8-14.9 0-26.8-12-26.8-26.8s12-26.8 26.8-26.8 26.8 12 26.8 26.8zm76.1 27.2c-1.7-35.9-9.9-67.7-36.2-93.9-26.2-26.2-58-34.4-93.9-36.2-37-2.1-147.9-2.1-184.9 0-35.8 1.7-67.6 9.9-93.9 36.1s-34.4 58-36.2 93.9c-2.1 37-2.1 147.9 0 184.9 1.7 35.9 9.9 67.7 36.2 93.9s58 34.4 93.9 36.2c37 2.1 147.9 2.1 184.9 0 35.9-1.7 67.7-9.9 93.9-36.2 26.2-26.2 34.4-58 36.2-93.9 2.1-37 2.1-147.8 0-184.8zM398.8 388c-7.8 19.6-22.9 34.7-42.6 42.6-29.5 11.7-99.5 9-132.1 9s-102.7 2.6-132.1-9c-19.6-7.8-34.7-22.9-42.6-42.6-11.7-29.5-9-99.5-9-132.1s-2.6-102.7 9-132.1c7.8-19.6 22.9-34.7 42.6-42.6 29.5-11.7 99.5-9 132.1-9s102.7-2.6 132.1 9c19.6 7.8 34.7 22.9 42.6 42.6 11.7 29.5 9 99.5 9 132.1s2.7 102.7-9 132.1z\"><\/path><\/svg>\t\t\t\t\t\t\t\t\t\n                                                                                                            <\/a>\n                    <\/li>\n                    \t\t\t\t\t\t\t\t\t\t\t\t\t\t<li class=\"elementor-repeater-item-5772cc8\">\n\t\t\t\t\t    <a\n\t\t\t\t\t\thref=\"https:\/\/www.linkedin.com\/company\/inquiry-fuse\/\" aria-label=\"in\" class=\"linkedin\" >\n\t\t\t\t\t\t\t\t\t\t\t\t\t\t\n\t\t\t\t\t\t\t<svg aria-hidden=\"true\" class=\"e-font-icon-svg e-fab-linkedin\" viewbox=\"0 0 448 512\" xmlns=\"http:\/\/www.w3.org\/2000\/svg\"><path d=\"M416 32H31.9C14.3 32 0 46.5 0 64.3v383.4C0 465.5 14.3 480 31.9 480H416c17.6 0 32-14.5 32-32.3V64.3c0-17.8-14.4-32.3-32-32.3zM135.4 416H69V202.2h66.5V416zm-33.2-243c-21.3 0-38.5-17.3-38.5-38.5S80.9 96 102.2 96c21.2 0 38.5 17.3 38.5 38.5 0 21.3-17.2 38.5-38.5 38.5zm282.1 243h-66.4V312c0-24.8-.5-56.7-34.5-56.7-34.6 0-39.9 27-39.9 54.9V416h-66.4V202.2h63.7v29.2h.9c8.9-16.8 30.6-34.5 62.9-34.5 67.2 0 79.7 44.3 79.7 101.9V416z\"><\/path><\/svg>\t\t\t\t\t\t\t\t\t\n                                                                                                            <\/a>\n                    <\/li>\n                    \t\t\t\t\t\t\t<\/ul>\n\t\t<\/div>\t\t\t\t<\/div>\n\t\t\t\t<\/div>\n\t\t\t\t\t<\/div>\n\t\t\t\t<\/div>\n\t\t\t\t<\/div>","protected":false},"excerpt":{"rendered":"<p>Partner: INQUIRY FUSE LTD Cyprus INQUIRY FUSE is a multidisciplinary development, research, and outreach centre dedicatedto engaging student populations and the wider public in meaningful formal, non-formal, andinformal learning experiences through innovative, research-driven educational solutions andactions. Capitalising on research outcomes, INQUIRY FUSE operates at the intersection ofknowledge creation, learning design, and societal engagement. The team [&hellip;]<\/p>","protected":false},"author":1,"featured_media":0,"parent":0,"menu_order":0,"comment_status":"closed","ping_status":"closed","template":"elementor_header_footer","meta":{"footnotes":""},"class_list":["post-348","page","type-page","status-publish","hentry"],"_links":{"self":[{"href":"https:\/\/11forhealth.com\/sr\/wp-json\/wp\/v2\/pages\/348","targetHints":{"allow":["GET"]}}],"collection":[{"href":"https:\/\/11forhealth.com\/sr\/wp-json\/wp\/v2\/pages"}],"about":[{"href":"https:\/\/11forhealth.com\/sr\/wp-json\/wp\/v2\/types\/page"}],"author":[{"embeddable":true,"href":"https:\/\/11forhealth.com\/sr\/wp-json\/wp\/v2\/users\/1"}],"replies":[{"embeddable":true,"href":"https:\/\/11forhealth.com\/sr\/wp-json\/wp\/v2\/comments?post=348"}],"version-history":[{"count":4,"href":"https:\/\/11forhealth.com\/sr\/wp-json\/wp\/v2\/pages\/348\/revisions"}],"predecessor-version":[{"id":1126,"href":"https:\/\/11forhealth.com\/sr\/wp-json\/wp\/v2\/pages\/348\/revisions\/1126"}],"wp:attachment":[{"href":"https:\/\/11forhealth.com\/sr\/wp-json\/wp\/v2\/media?parent=348"}],"curies":[{"name":"wp","href":"https:\/\/api.w.org\/{rel}","templated":true}]}}