{"id":300,"date":"2025-06-17T12:36:55","date_gmt":"2025-06-17T12:36:55","guid":{"rendered":"https:\/\/11forhealth.com\/?page_id=300"},"modified":"2025-06-17T13:57:32","modified_gmt":"2025-06-17T13:57:32","slug":"fakultet-sporta-i-fizickog-vaspitanja","status":"publish","type":"page","link":"https:\/\/11forhealth.com\/sr\/fakultet-sporta-i-fizickog-vaspitanja\/","title":{"rendered":"Fakultet sporta i fizi\u010dkog vaspitanja"},"content":{"rendered":"<div data-elementor-type=\"wp-page\" data-elementor-id=\"300\" class=\"elementor elementor-300\" data-elementor-post-type=\"page\">\n\t\t\t\t\t\t<section class=\"elementor-section elementor-top-section elementor-element elementor-element-162ca555 elementor-section-boxed elementor-section-height-default elementor-section-height-default\" data-id=\"162ca555\" data-element_type=\"section\">\n\t\t\t\t\t\t<div class=\"elementor-container elementor-column-gap-default\">\n\t\t\t\t\t<div class=\"elementor-column elementor-col-100 elementor-top-column elementor-element elementor-element-257977cd\" data-id=\"257977cd\" data-element_type=\"column\">\n\t\t\t<div class=\"elementor-widget-wrap elementor-element-populated\">\n\t\t\t\t\t\t<div class=\"elementor-element elementor-element-5f8cf652 elementor-invisible elementor-widget elementor-widget-image\" data-id=\"5f8cf652\" data-element_type=\"widget\" data-settings=\"{&quot;_animation&quot;:&quot;fadeInUp&quot;}\" data-widget_type=\"image.default\">\n\t\t\t\t<div class=\"elementor-widget-container\">\n\t\t\t\t\t\t\t\t\t\t\t\t\t\t\t<img fetchpriority=\"high\" decoding=\"async\" width=\"248\" height=\"244\" src=\"https:\/\/11forhealth.com\/wp-content\/uploads\/2025\/06\/FSFV-logo.png\" class=\"attachment-full size-full wp-image-109\" alt=\"\" \/>\t\t\t\t\t\t\t\t\t\t\t\t\t\t\t<\/div>\n\t\t\t\t<\/div>\n\t\t\t\t<div class=\"elementor-element elementor-element-a4b5453 elementor-widget elementor-widget-elementskit-heading\" data-id=\"a4b5453\" data-element_type=\"widget\" data-widget_type=\"elementskit-heading.default\">\n\t\t\t\t<div class=\"elementor-widget-container\">\n\t\t\t\t\t<div class=\"ekit-wid-con\" ><div class=\"ekit-heading elementskit-section-title-wraper text_left   ekit_heading_tablet-   ekit_heading_mobile-\"><h4 class=\"ekit-heading--title elementskit-section-title\">Koordinator projekta:<\/h4><h1 class=\"ekit-heading--subtitle elementskit-section-subtitle\">\n\t\t\t\t\t\tFakultet sporta i fizi\u010dkog vaspitanja\n\t\t\t\t\t<\/h1>\t\t\t\t<div class='ekit-heading__description'>\n\t\t\t\t\t<div>\n<div>Univerzitet u Ni\u0161u (FSFV), Srbija<\/div>\n<\/div>\n\t\t\t\t<\/div>\n\t\t\t<\/div><\/div>\t\t\t\t<\/div>\n\t\t\t\t<\/div>\n\t\t\t\t<div class=\"elementor-element elementor-element-483228ac elementor-invisible elementor-widget elementor-widget-text-editor\" data-id=\"483228ac\" data-element_type=\"widget\" data-settings=\"{&quot;_animation&quot;:&quot;fadeInUp&quot;}\" data-widget_type=\"text-editor.default\">\n\t\t\t\t<div class=\"elementor-widget-container\">\n\t\t\t\t\t\t\t\t\t<div class=\"ewa-rteLine\"><div><div>Fakultet sporta i fizi\u010dkog vaspitanja (FSFV) Univerziteta u Ni\u0161u obrazuje visokokvalifikovane kadrove u oblastima fizi\u010dkog vaspitanja, sporta i rekreacije, primenjuju\u0107i sistem lako razumljivih i uporedivih diploma, zasnovan na dva glavna ciklusa \u2013 osnovnim akademskim i master studijama, pri \u010demu drugi ciklus mo\u017ee voditi do sticanja master i\/ili doktorskih zvanja. Fakultet kontinuirano planira i realizuje nau\u010dnoistra\u017eiva\u010dke projekte u oblasti fizi\u010dke aktivnosti i pru\u017ea druge stru\u010dne usluge u skladu sa va\u017ee\u0107im akreditacionim sertifikatom.<\/div><\/div><\/div>\t\t\t\t\t\t\t\t<\/div>\n\t\t\t\t<\/div>\n\t\t\t\t<div class=\"elementor-element elementor-element-544b4205 elementor-invisible elementor-widget elementor-widget-text-editor\" data-id=\"544b4205\" data-element_type=\"widget\" data-settings=\"{&quot;_animation&quot;:&quot;fadeInUp&quot;}\" data-widget_type=\"text-editor.default\">\n\t\t\t\t<div class=\"elementor-widget-container\">\n\t\t\t\t\t\t\t\t\t<div class=\"ewa-rteLine\"><div><div>U okviru svojih osnovnih zadataka, Fakultet objedinjuje obrazovne, stru\u010dne i nau\u010dne aktivnosti kao deo jedinstvenog procesa visokog obrazovanja, \u010dime sistematski i periodi\u010dno doprinosi razvoju i unapre\u0111enju nastavnog procesa. Time odgovara na potrebe, zahteve i o\u010dekivanja studentske populacije, nastavnog kadra, korisnika i ostalih zainteresovanih strana u dru\u0161tvu. Prioriteti Fakulteta su ispunjavanje op\u0161tih zadataka i postizanje rezultata koje prepoznaje i priznaje \u0161ira dru\u0161tvena zajednica, \u010dime se potvr\u0111uje njegova obrazovna i dru\u0161tvena uloga. Nau\u010dnoistra\u017eiva\u010dke aktivnosti \u010dine zna\u010dajan deo ukupnog rada Fakulteta jo\u0161 od njegovog osnivanja. Najbolji pokazatelji nau\u010dne aktivnosti su brojni radovi profesora i saradnika objavljeni u me\u0111unarodno priznatim \u010dasopisima. \u010clanovi Fakulteta tako\u0111e aktivno u\u010destvuju u sportskoj praksi kao funkcioneri, treneri i stru\u010dnjaci u sportskim klubovima i nacionalnim sportskim selekcijama.<\/div><\/div><\/div>\t\t\t\t\t\t\t\t<\/div>\n\t\t\t\t<\/div>\n\t\t\t\t\t<\/div>\n\t\t<\/div>\n\t\t\t\t\t<\/div>\n\t\t<\/section>\n\t\t<div class=\"elementor-element elementor-element-4788070 e-flex e-con-boxed e-con e-parent\" data-id=\"4788070\" data-element_type=\"container\">\n\t\t\t\t\t<div class=\"e-con-inner\">\n\t\t\t\t<div class=\"elementor-element elementor-element-8d8bea8 elementor-widget elementor-widget-elementskit-social-media\" data-id=\"8d8bea8\" data-element_type=\"widget\" data-widget_type=\"elementskit-social-media.default\">\n\t\t\t\t<div class=\"elementor-widget-container\">\n\t\t\t\t\t<div class=\"ekit-wid-con\" >\t\t\t <ul class=\"ekit_social_media\">\n\t\t\t\t\t\t\t\t\t\t\t\t\t\t<li class=\"elementor-repeater-item-c82a910\">\n\t\t\t\t\t    <a\n\t\t\t\t\t\thref=\"https:\/\/fsfv.ni.ac.rs\/\" aria-label=\"Website\" class=\"internet\" >\n\t\t\t\t\t\t\t\t\t\t\t\t\t\t\n\t\t\t\t\t\t\t<i aria-hidden=\"true\" class=\"icon icon-internet\"><\/i>\t\t\t\t\t\t\t\t\t\n                                                                                                            <\/a>\n                    <\/li>\n                    \t\t\t\t\t\t\t\t\t\t\t\t\t\t<li class=\"elementor-repeater-item-711a987\">\n\t\t\t\t\t    <a\n\t\t\t\t\t\thref=\"https:\/\/www.facebook.com\/fakultetsportanis\/\" aria-label=\"Facebook\" class=\"facebook\" >\n\t\t\t\t\t\t\t\t\t\t\t\t\t\t\n\t\t\t\t\t\t\t<i aria-hidden=\"true\" class=\"icon icon-facebook\"><\/i>\t\t\t\t\t\t\t\t\t\n                                                                                                            <\/a>\n                    <\/li>\n                    \t\t\t\t\t\t\t\t\t\t\t\t\t\t<li class=\"elementor-repeater-item-7f6574b\">\n\t\t\t\t\t    <a\n\t\t\t\t\t\thref=\"https:\/\/x.com\/fsfvnis?lang=en\" aria-label=\"X\" class=\"twitter\" >\n\t\t\t\t\t\t\t\t\t\t\t\t\t\t\n\t\t\t\t\t\t\t<svg aria-hidden=\"true\" class=\"e-font-icon-svg e-fab-x-twitter\" viewbox=\"0 0 512 512\" xmlns=\"http:\/\/www.w3.org\/2000\/svg\"><path d=\"M389.2 48h70.6L305.6 224.2 487 464H345L233.7 318.6 106.5 464H35.8L200.7 275.5 26.8 48H172.4L272.9 180.9 389.2 48zM364.4 421.8h39.1L151.1 88h-42L364.4 421.8z\"><\/path><\/svg>\t\t\t\t\t\t\t\t\t\n                                                                                                            <\/a>\n                    <\/li>\n                    \t\t\t\t\t\t\t\t\t\t\t\t\t\t<li class=\"elementor-repeater-item-c94f2a5\">\n\t\t\t\t\t    <a\n\t\t\t\t\t\thref=\"https:\/\/www.instagram.com\/fsfv_nis\/?hl=en\" aria-label=\"Instagram\" class=\"instagram\" >\n\t\t\t\t\t\t\t\t\t\t\t\t\t\t\n\t\t\t\t\t\t\t<svg aria-hidden=\"true\" class=\"e-font-icon-svg e-fab-instagram\" viewbox=\"0 0 448 512\" xmlns=\"http:\/\/www.w3.org\/2000\/svg\"><path d=\"M224.1 141c-63.6 0-114.9 51.3-114.9 114.9s51.3 114.9 114.9 114.9S339 319.5 339 255.9 287.7 141 224.1 141zm0 189.6c-41.1 0-74.7-33.5-74.7-74.7s33.5-74.7 74.7-74.7 74.7 33.5 74.7 74.7-33.6 74.7-74.7 74.7zm146.4-194.3c0 14.9-12 26.8-26.8 26.8-14.9 0-26.8-12-26.8-26.8s12-26.8 26.8-26.8 26.8 12 26.8 26.8zm76.1 27.2c-1.7-35.9-9.9-67.7-36.2-93.9-26.2-26.2-58-34.4-93.9-36.2-37-2.1-147.9-2.1-184.9 0-35.8 1.7-67.6 9.9-93.9 36.1s-34.4 58-36.2 93.9c-2.1 37-2.1 147.9 0 184.9 1.7 35.9 9.9 67.7 36.2 93.9s58 34.4 93.9 36.2c37 2.1 147.9 2.1 184.9 0 35.9-1.7 67.7-9.9 93.9-36.2 26.2-26.2 34.4-58 36.2-93.9 2.1-37 2.1-147.8 0-184.8zM398.8 388c-7.8 19.6-22.9 34.7-42.6 42.6-29.5 11.7-99.5 9-132.1 9s-102.7 2.6-132.1-9c-19.6-7.8-34.7-22.9-42.6-42.6-11.7-29.5-9-99.5-9-132.1s-2.6-102.7 9-132.1c7.8-19.6 22.9-34.7 42.6-42.6 29.5-11.7 99.5-9 132.1-9s102.7-2.6 132.1 9c19.6 7.8 34.7 22.9 42.6 42.6 11.7 29.5 9 99.5 9 132.1s2.7 102.7-9 132.1z\"><\/path><\/svg>\t\t\t\t\t\t\t\t\t\n                                                                                                            <\/a>\n                    <\/li>\n                    \t\t\t\t\t\t\t\t\t\t\t\t\t\t<li class=\"elementor-repeater-item-5772cc8\">\n\t\t\t\t\t    <a\n\t\t\t\t\t\thref=\"https:\/\/www.youtube.com\/channel\/UC96QJiQb8ibZZrVv6Y2e6Jg\" aria-label=\"YT\" class=\"youtube\" >\n\t\t\t\t\t\t\t\t\t\t\t\t\t\t\n\t\t\t\t\t\t\t<svg aria-hidden=\"true\" class=\"e-font-icon-svg e-fab-youtube\" viewbox=\"0 0 576 512\" xmlns=\"http:\/\/www.w3.org\/2000\/svg\"><path d=\"M549.655 124.083c-6.281-23.65-24.787-42.276-48.284-48.597C458.781 64 288 64 288 64S117.22 64 74.629 75.486c-23.497 6.322-42.003 24.947-48.284 48.597-11.412 42.867-11.412 132.305-11.412 132.305s0 89.438 11.412 132.305c6.281 23.65 24.787 41.5 48.284 47.821C117.22 448 288 448 288 448s170.78 0 213.371-11.486c23.497-6.321 42.003-24.171 48.284-47.821 11.412-42.867 11.412-132.305 11.412-132.305s0-89.438-11.412-132.305zm-317.51 213.508V175.185l142.739 81.205-142.739 81.201z\"><\/path><\/svg>\t\t\t\t\t\t\t\t\t\n                                                                                                            <\/a>\n                    <\/li>\n                    \t\t\t\t\t\t\t<\/ul>\n\t\t<\/div>\t\t\t\t<\/div>\n\t\t\t\t<\/div>\n\t\t\t\t\t<\/div>\n\t\t\t\t<\/div>\n\t\t\t\t<\/div>","protected":false},"excerpt":{"rendered":"<p>Project Coordinator: Faculty of sport and physical education University of Ni\u0161 (FSFV), Serbia The faculty of sport and physical education (FSFV) of the University of Ni\u0161 educates highly skilled staff in the area of PE, sport, and recreation by adopting a system of easily readable and comparable degrees essentially based on two main cycles, undergraduate [&hellip;]<\/p>","protected":false},"author":1,"featured_media":0,"parent":0,"menu_order":0,"comment_status":"closed","ping_status":"closed","template":"elementor_header_footer","meta":{"footnotes":""},"class_list":["post-300","page","type-page","status-publish","hentry"],"_links":{"self":[{"href":"https:\/\/11forhealth.com\/sr\/wp-json\/wp\/v2\/pages\/300","targetHints":{"allow":["GET"]}}],"collection":[{"href":"https:\/\/11forhealth.com\/sr\/wp-json\/wp\/v2\/pages"}],"about":[{"href":"https:\/\/11forhealth.com\/sr\/wp-json\/wp\/v2\/types\/page"}],"author":[{"embeddable":true,"href":"https:\/\/11forhealth.com\/sr\/wp-json\/wp\/v2\/users\/1"}],"replies":[{"embeddable":true,"href":"https:\/\/11forhealth.com\/sr\/wp-json\/wp\/v2\/comments?post=300"}],"version-history":[{"count":0,"href":"https:\/\/11forhealth.com\/sr\/wp-json\/wp\/v2\/pages\/300\/revisions"}],"wp:attachment":[{"href":"https:\/\/11forhealth.com\/sr\/wp-json\/wp\/v2\/media?parent=300"}],"curies":[{"name":"wp","href":"https:\/\/api.w.org\/{rel}","templated":true}]}}